{"id":4463,"date":"2026-02-05T12:28:02","date_gmt":"2026-02-05T11:28:02","guid":{"rendered":"https:\/\/www.phantasyschmuck.at\/?post_type=product&#038;p=4463"},"modified":"2026-05-13T15:20:00","modified_gmt":"2026-05-13T13:20:00","slug":"silber-vergoldet-set-mit-achat-gruen","status":"publish","type":"product","link":"https:\/\/www.phantasyschmuck.at\/?product=silber-vergoldet-set-mit-achat-gruen","title":{"rendered":"SILBER VERGOLDET SET MIT ACHAT GR\u00dcN"},"content":{"rendered":"<p>925 Sterling Silber gelb vergoldet Kette mit Gr\u00fcner Achat facettiert. Ma\u00dfen.1,2 x 0,8 cm. Kette L 40cm. Ohrhaken aus Silber gelb vergoldet.<\/p>\n","protected":false},"excerpt":{"rendered":"<p>925 Sterling Silber gelb vergoldet Kette mit Gr\u00fcner Achat facettiert. Ma\u00dfen.1,2 x 0,8 cm. Kette L 40cm. Ohrhaken aus Silber gelb vergoldet.<\/p>\n","protected":false},"featured_media":4464,"template":"","meta":{"_editorskit_title_hidden":false,"_editorskit_reading_time":0,"_editorskit_is_block_options_detached":false,"_editorskit_block_options_position":"{}","_uag_custom_page_level_css":""},"product_cat":[67,69,87,68,66,54],"product_tag":[],"yoast_head":"<!-- This site is optimized with the Yoast SEO plugin v19.9 - https:\/\/yoast.com\/wordpress\/plugins\/seo\/ -->\n<title>SILBER VERGOLDET SET MIT ACHAT GR\u00dcN - Phantasy Schmuck Galerie<\/title>\n<meta name=\"robots\" content=\"index, follow, max-snippet:-1, max-image-preview:large, max-video-preview:-1\" \/>\n<link rel=\"canonical\" href=\"https:\/\/www.phantasyschmuck.at\/?product=silber-vergoldet-set-mit-achat-gruen\" \/>\n<meta property=\"og:locale\" content=\"de_DE\" \/>\n<meta property=\"og:type\" content=\"article\" \/>\n<meta property=\"og:title\" content=\"SILBER VERGOLDET SET MIT ACHAT GR\u00dcN - Phantasy Schmuck Galerie\" \/>\n<meta property=\"og:description\" content=\"925 Sterling Silber gelb vergoldet Kette mit Gr\u00fcner Achat facettiert. Ma\u00dfen.1,2 x 0,8 cm. Kette L 40cm. Ohrhaken aus Silber gelb vergoldet.\" \/>\n<meta property=\"og:url\" content=\"https:\/\/www.phantasyschmuck.at\/?product=silber-vergoldet-set-mit-achat-gruen\" \/>\n<meta property=\"og:site_name\" content=\"Phantasy Schmuck Galerie\" \/>\n<meta property=\"article:publisher\" content=\"https:\/\/www.facebook.com\/SchmuckGalerie\/\" \/>\n<meta property=\"article:modified_time\" content=\"2026-05-13T13:20:00+00:00\" \/>\n<meta property=\"og:image\" content=\"http:\/\/www.phantasyschmuck.at\/wp-content\/uploads\/2026\/02\/Aagi-gruener-onxy-gold-set.jpg\" \/>\n\t<meta property=\"og:image:width\" content=\"506\" \/>\n\t<meta property=\"og:image:height\" content=\"900\" \/>\n\t<meta property=\"og:image:type\" content=\"image\/jpeg\" \/>\n<meta name=\"twitter:card\" content=\"summary_large_image\" \/>\n<meta name=\"twitter:label1\" content=\"Preis\" \/>\n\t<meta name=\"twitter:data1\" content=\"56,00&nbsp;&euro;\" \/>\n\t<meta name=\"twitter:label2\" content=\"Availability\" \/>\n\t<meta name=\"twitter:data2\" content=\"In stock\" \/>\n<script type=\"application\/ld+json\" class=\"yoast-schema-graph\">{\"@context\":\"https:\/\/schema.org\",\"@graph\":[{\"@type\":\"WebPage\",\"@id\":\"https:\/\/www.phantasyschmuck.at\/?product=silber-vergoldet-set-mit-achat-gruen\",\"url\":\"https:\/\/www.phantasyschmuck.at\/?product=silber-vergoldet-set-mit-achat-gruen\",\"name\":\"SILBER VERGOLDET SET MIT ACHAT GR\u00dcN - Phantasy Schmuck Galerie\",\"isPartOf\":{\"@id\":\"https:\/\/www.phantasyschmuck.at\/#website\"},\"datePublished\":\"2026-02-05T11:28:02+00:00\",\"dateModified\":\"2026-05-13T13:20:00+00:00\",\"breadcrumb\":{\"@id\":\"https:\/\/www.phantasyschmuck.at\/?product=silber-vergoldet-set-mit-achat-gruen#breadcrumb\"},\"inLanguage\":\"de\",\"potentialAction\":[{\"@type\":\"ReadAction\",\"target\":[\"https:\/\/www.phantasyschmuck.at\/?product=silber-vergoldet-set-mit-achat-gruen\"]}]},{\"@type\":\"BreadcrumbList\",\"@id\":\"https:\/\/www.phantasyschmuck.at\/?product=silber-vergoldet-set-mit-achat-gruen#breadcrumb\",\"itemListElement\":[{\"@type\":\"ListItem\",\"position\":1,\"name\":\"Startseite\",\"item\":\"https:\/\/www.phantasyschmuck.at\/\"},{\"@type\":\"ListItem\",\"position\":2,\"name\":\"SHOP\",\"item\":\"https:\/\/www.phantasyschmuck.at\/\"},{\"@type\":\"ListItem\",\"position\":3,\"name\":\"SILBER VERGOLDET SET MIT ACHAT GR\u00dcN\"}]},{\"@type\":\"WebSite\",\"@id\":\"https:\/\/www.phantasyschmuck.at\/#website\",\"url\":\"https:\/\/www.phantasyschmuck.at\/\",\"name\":\"Phantasy-Schmuck-Galerie\",\"description\":\"\",\"publisher\":{\"@id\":\"https:\/\/www.phantasyschmuck.at\/#organization\"},\"potentialAction\":[{\"@type\":\"SearchAction\",\"target\":{\"@type\":\"EntryPoint\",\"urlTemplate\":\"https:\/\/www.phantasyschmuck.at\/?s={search_term_string}\"},\"query-input\":\"required name=search_term_string\"}],\"inLanguage\":\"de\"},{\"@type\":\"Organization\",\"@id\":\"https:\/\/www.phantasyschmuck.at\/#organization\",\"name\":\"Phantasy Schmuck Galerie\",\"url\":\"https:\/\/www.phantasyschmuck.at\/\",\"logo\":{\"@type\":\"ImageObject\",\"inLanguage\":\"de\",\"@id\":\"https:\/\/www.phantasyschmuck.at\/#\/schema\/logo\/image\/\",\"url\":\"https:\/\/www.phantasyschmuck.at\/wp-content\/uploads\/2021\/03\/cropped-Phantasy.png\",\"contentUrl\":\"https:\/\/www.phantasyschmuck.at\/wp-content\/uploads\/2021\/03\/cropped-Phantasy.png\",\"width\":200,\"height\":116,\"caption\":\"Phantasy Schmuck Galerie\"},\"image\":{\"@id\":\"https:\/\/www.phantasyschmuck.at\/#\/schema\/logo\/image\/\"},\"sameAs\":[\"https:\/\/www.facebook.com\/SchmuckGalerie\/\"]}]}<\/script>\n<meta property=\"product:price:amount\" content=\"56.00\" \/>\n<meta property=\"product:price:currency\" content=\"EUR\" \/>\n<meta property=\"og:availability\" content=\"instock\" \/>\n<meta property=\"product:availability\" content=\"instock\" \/>\n<meta property=\"product:retailer_item_id\" content=\"26SET7\" \/>\n<meta property=\"product:condition\" content=\"new\" \/>\n<!-- \/ Yoast SEO plugin. -->","yoast_head_json":{"title":"SILBER VERGOLDET SET MIT ACHAT GR\u00dcN - Phantasy Schmuck Galerie","robots":{"index":"index","follow":"follow","max-snippet":"max-snippet:-1","max-image-preview":"max-image-preview:large","max-video-preview":"max-video-preview:-1"},"canonical":"https:\/\/www.phantasyschmuck.at\/?product=silber-vergoldet-set-mit-achat-gruen","og_locale":"de_DE","og_type":"article","og_title":"SILBER VERGOLDET SET MIT ACHAT GR\u00dcN - Phantasy Schmuck Galerie","og_description":"925 Sterling Silber gelb vergoldet Kette mit Gr\u00fcner Achat facettiert. Ma\u00dfen.1,2 x 0,8 cm. Kette L 40cm. Ohrhaken aus Silber gelb vergoldet.","og_url":"https:\/\/www.phantasyschmuck.at\/?product=silber-vergoldet-set-mit-achat-gruen","og_site_name":"Phantasy Schmuck Galerie","article_publisher":"https:\/\/www.facebook.com\/SchmuckGalerie\/","article_modified_time":"2026-05-13T13:20:00+00:00","og_image":[{"width":506,"height":900,"url":"http:\/\/www.phantasyschmuck.at\/wp-content\/uploads\/2026\/02\/Aagi-gruener-onxy-gold-set.jpg","type":"image\/jpeg"}],"twitter_card":"summary_large_image","twitter_misc":{"Preis":"56,00&nbsp;&euro;","Availability":"In stock"},"schema":{"@context":"https:\/\/schema.org","@graph":[{"@type":"WebPage","@id":"https:\/\/www.phantasyschmuck.at\/?product=silber-vergoldet-set-mit-achat-gruen","url":"https:\/\/www.phantasyschmuck.at\/?product=silber-vergoldet-set-mit-achat-gruen","name":"SILBER VERGOLDET SET MIT ACHAT GR\u00dcN - Phantasy Schmuck Galerie","isPartOf":{"@id":"https:\/\/www.phantasyschmuck.at\/#website"},"datePublished":"2026-02-05T11:28:02+00:00","dateModified":"2026-05-13T13:20:00+00:00","breadcrumb":{"@id":"https:\/\/www.phantasyschmuck.at\/?product=silber-vergoldet-set-mit-achat-gruen#breadcrumb"},"inLanguage":"de","potentialAction":[{"@type":"ReadAction","target":["https:\/\/www.phantasyschmuck.at\/?product=silber-vergoldet-set-mit-achat-gruen"]}]},{"@type":"BreadcrumbList","@id":"https:\/\/www.phantasyschmuck.at\/?product=silber-vergoldet-set-mit-achat-gruen#breadcrumb","itemListElement":[{"@type":"ListItem","position":1,"name":"Startseite","item":"https:\/\/www.phantasyschmuck.at\/"},{"@type":"ListItem","position":2,"name":"SHOP","item":"https:\/\/www.phantasyschmuck.at\/"},{"@type":"ListItem","position":3,"name":"SILBER VERGOLDET SET MIT ACHAT GR\u00dcN"}]},{"@type":"WebSite","@id":"https:\/\/www.phantasyschmuck.at\/#website","url":"https:\/\/www.phantasyschmuck.at\/","name":"Phantasy-Schmuck-Galerie","description":"","publisher":{"@id":"https:\/\/www.phantasyschmuck.at\/#organization"},"potentialAction":[{"@type":"SearchAction","target":{"@type":"EntryPoint","urlTemplate":"https:\/\/www.phantasyschmuck.at\/?s={search_term_string}"},"query-input":"required name=search_term_string"}],"inLanguage":"de"},{"@type":"Organization","@id":"https:\/\/www.phantasyschmuck.at\/#organization","name":"Phantasy Schmuck Galerie","url":"https:\/\/www.phantasyschmuck.at\/","logo":{"@type":"ImageObject","inLanguage":"de","@id":"https:\/\/www.phantasyschmuck.at\/#\/schema\/logo\/image\/","url":"https:\/\/www.phantasyschmuck.at\/wp-content\/uploads\/2021\/03\/cropped-Phantasy.png","contentUrl":"https:\/\/www.phantasyschmuck.at\/wp-content\/uploads\/2021\/03\/cropped-Phantasy.png","width":200,"height":116,"caption":"Phantasy Schmuck Galerie"},"image":{"@id":"https:\/\/www.phantasyschmuck.at\/#\/schema\/logo\/image\/"},"sameAs":["https:\/\/www.facebook.com\/SchmuckGalerie\/"]}]},"product_price_amount":"56.00","product_price_currency":"EUR","og_availability":"instock","product_availability":"instock","product_retailer_item_id":"26SET7","product_condition":"new"},"uagb_featured_image_src":{"full":["https:\/\/www.phantasyschmuck.at\/wp-content\/uploads\/2026\/02\/Aagi-gruener-onxy-gold-set.jpg",506,900,false],"thumbnail":["https:\/\/www.phantasyschmuck.at\/wp-content\/uploads\/2026\/02\/Aagi-gruener-onxy-gold-set-150x150.jpg",150,150,true],"medium":["https:\/\/www.phantasyschmuck.at\/wp-content\/uploads\/2026\/02\/Aagi-gruener-onxy-gold-set-169x300.jpg",169,300,true],"medium_large":["https:\/\/www.phantasyschmuck.at\/wp-content\/uploads\/2026\/02\/Aagi-gruener-onxy-gold-set.jpg",506,900,false],"large":["https:\/\/www.phantasyschmuck.at\/wp-content\/uploads\/2026\/02\/Aagi-gruener-onxy-gold-set.jpg",506,900,false],"1536x1536":["https:\/\/www.phantasyschmuck.at\/wp-content\/uploads\/2026\/02\/Aagi-gruener-onxy-gold-set.jpg",506,900,false],"2048x2048":["https:\/\/www.phantasyschmuck.at\/wp-content\/uploads\/2026\/02\/Aagi-gruener-onxy-gold-set.jpg",506,900,false],"yith_slider_thumb":["https:\/\/www.phantasyschmuck.at\/wp-content\/uploads\/2026\/02\/Aagi-gruener-onxy-gold-set-300x150.jpg",300,150,true],"bard-slider-grid-thumbnail":["https:\/\/www.phantasyschmuck.at\/wp-content\/uploads\/2026\/02\/Aagi-gruener-onxy-gold-set-506x540.jpg",506,540,true],"bard-full-thumbnail":["https:\/\/www.phantasyschmuck.at\/wp-content\/uploads\/2026\/02\/Aagi-gruener-onxy-gold-set.jpg",506,900,false],"bard-grid-thumbnail":["https:\/\/www.phantasyschmuck.at\/wp-content\/uploads\/2026\/02\/Aagi-gruener-onxy-gold-set-500x380.jpg",500,380,true],"bard-list-thumbnail":["https:\/\/www.phantasyschmuck.at\/wp-content\/uploads\/2026\/02\/Aagi-gruener-onxy-gold-set-300x300.jpg",300,300,true],"bard-single-navigation":["https:\/\/www.phantasyschmuck.at\/wp-content\/uploads\/2026\/02\/Aagi-gruener-onxy-gold-set-75x75.jpg",75,75,true],"attr_image_size":["https:\/\/www.phantasyschmuck.at\/wp-content\/uploads\/2026\/02\/Aagi-gruener-onxy-gold-set-32x32.jpg",32,32,true],"woocommerce_thumbnail":["https:\/\/www.phantasyschmuck.at\/wp-content\/uploads\/2026\/02\/Aagi-gruener-onxy-gold-set-400x400.jpg",400,400,true],"woocommerce_single":["https:\/\/www.phantasyschmuck.at\/wp-content\/uploads\/2026\/02\/Aagi-gruener-onxy-gold-set.jpg",506,900,false],"woocommerce_gallery_thumbnail":["https:\/\/www.phantasyschmuck.at\/wp-content\/uploads\/2026\/02\/Aagi-gruener-onxy-gold-set-100x100.jpg",100,100,true]},"uagb_author_info":{"display_name":"demiral","author_link":"https:\/\/www.phantasyschmuck.at\/?author=0"},"uagb_comment_info":0,"uagb_excerpt":"925 Sterling Silber gelb vergoldet Kette mit Gr\u00fcner Achat facettiert. Ma\u00dfen.1,2 x 0,8 cm. Kette L 40cm. Ohrhaken aus Silber gelb vergoldet.","acf":[],"_links":{"self":[{"href":"https:\/\/www.phantasyschmuck.at\/index.php?rest_route=\/wp\/v2\/product\/4463"}],"collection":[{"href":"https:\/\/www.phantasyschmuck.at\/index.php?rest_route=\/wp\/v2\/product"}],"about":[{"href":"https:\/\/www.phantasyschmuck.at\/index.php?rest_route=\/wp\/v2\/types\/product"}],"wp:featuredmedia":[{"embeddable":true,"href":"https:\/\/www.phantasyschmuck.at\/index.php?rest_route=\/wp\/v2\/media\/4464"}],"wp:attachment":[{"href":"https:\/\/www.phantasyschmuck.at\/index.php?rest_route=%2Fwp%2Fv2%2Fmedia&parent=4463"}],"wp:term":[{"taxonomy":"product_cat","embeddable":true,"href":"https:\/\/www.phantasyschmuck.at\/index.php?rest_route=%2Fwp%2Fv2%2Fproduct_cat&post=4463"},{"taxonomy":"product_tag","embeddable":true,"href":"https:\/\/www.phantasyschmuck.at\/index.php?rest_route=%2Fwp%2Fv2%2Fproduct_tag&post=4463"}],"curies":[{"name":"wp","href":"https:\/\/api.w.org\/{rel}","templated":true}]}}