{"id":66,"date":"2020-04-29T12:41:45","date_gmt":"2020-04-29T10:41:45","guid":{"rendered":""},"modified":"2020-05-01T14:14:44","modified_gmt":"2020-05-01T12:14:44","slug":"versandarten","status":"publish","type":"page","link":"https:\/\/www.phantasyschmuck.at\/?page_id=66","title":{"rendered":"Versandarten"},"content":{"rendered":"\n<p><strong>AUFTRAGSERTEILUNG und BESTELLUNG<\/strong><br>Mit einer Auftragserteilung und \/ oder Bestellung erkennt der K\u00e4ufer unsere Lieferungs- und Zahlungsbedingungen an.<\/p>\n\n\n\n<p><strong>PREISE<br><\/strong>Alle Preise verstehen sich in EURO inklusive der jeweiligen gesetzlichen Mehrwertsteuer.<br>Irrt\u00fcmer und kurzfristige Preis\u00e4nderungen sind vorbehalten. Es gelten die Preise zum Zeitpunkt der Bestellung. Die M\u00f6glichkeit eines Skontoabzugs besteht nicht.<\/p>\n\n\n\n<p><strong>PRODUKT FARBE<br><\/strong>Jedoch wegen der Unterschiede bez\u00fcglich der Bildschirme k\u00f6nnen wir nicht garantieren, dass die Farbe, die Sie auf Ihren Bildschirm sehen, genau die zutreffende Farbe des Produktes reflektiert.<br><br><strong>LIEFERZEITEN<br><\/strong>Die Lieferung erfolgt direkt per Post. Bestellungen und Lieferungen sind grunds\u00e4tzlich nur aus bzw. nach \u00d6sterreich, Deutschland und in die Schweiz m\u00f6glich. Alle Artikel sind nur lieferbar solange der Vorrat reicht. Die Lieferzeiten betragen in der Regel bis zu 14 Tage f\u00fcr \u00d6sterreich bzw. bis zu 21 Tage f\u00fcr Deutschland &amp; die Schweiz, k\u00f6nnen aber nicht garantiert werden.<br><br><strong>VERSANDKOSTEN<\/strong><br>Ihr Versandkostenanteil betr\u00e4gt zur Zeit pro Bestellung nur pauschal \u20ac 4,00.<br>Nach M\u00f6glichkeit wird alles in einer Sendung geliefert. Falls nicht, tr\u00e4gt die Erisener &amp; Co.GesmbH (Phantasy Schmuck Galerie) die Mehrkosten.<br>Sollte ein Artikel aus Ihrer Bestellung nicht sofort lieferbar sein, kann sich die Lieferung um wenige Tage verz\u00f6gern, damit Ihre gesamte Bestellung komplett bei Ihnen eintrifft. Die Erisener &amp; Co.GesmbH liefert Ihre Bestellung an Ihre Kontoanschrift. Die Rechnung geht an Ihre Kontoanschrift. Die Versandkosten k\u00f6nnen sich \u00e4ndern.<br><br><strong>ZAHLUNGSWEISE<\/strong><br>Bei der ERISENER &amp; CO.GesmbH k\u00f6nnen Sie zwischen 2 Zahlungsarten w\u00e4hlen:<br><strong>1&nbsp;<\/strong>. Zahlung mittels Vorauskasse<br><strong>2&nbsp;<\/strong>. Zahlung per Kreditkarte (Visa, Mastercard). Bitte markieren Sie die von Ihnen gew\u00fcnschte Zahlungsweise einfach auf dem Bestellschein.<br><br><strong>EIGENTUMSVORBEHALT<br><\/strong>Bis zur vollst\u00e4ndigen Bezahlung bleibt die Ware Eigentum der Erisener &amp; Co.GesmbH mit dem Sitz in A-1060 Wien, Mariahilferstr. 45 \/II\/22-24 \u00d6STERREICH.<br><br><strong>ABLEHNUNG von BESTELLUNGEN<br><\/strong>Der Erisener &amp; Co.GesmbH steht es frei, Bestellungen abzulehnen. Die Entscheidung dar\u00fcber liegt im freien Ermessen der Erisener &amp; Co.GesmbH. Wird von der Erisener &amp; Co.GesmbH eine Bestellung nicht angenommen und abgewickelt, wird der(die) Besteller\/in) davon in Kenntnis gesetzt.<br><br><strong>R\u00dcCKGABERECHT<br><\/strong>Der(die) Besteller(in) hat ein 14-t\u00e4giges R\u00fcckgaberecht ohne Angabe von Gr\u00fcnden. Dieses ist in Textform (E-Mail) oder durch die fristgerechte R\u00fccksendung der Ware an uns (ungetragen, in einwandfreiem Zustand und in der Originalverpackung samt beigelegter Rechnung, per Einschreiben) wahrzunehmen. Die Frist beginnt fr\u00fchestens mit dem Erhalt der Ware.<br>Die R\u00fccksendung hat zu erfolgen an: Erisener &amp; Co.GesmbH (Phantasy Schmuck Galerie) A-1060 Wien, Mariahilferstr.45\/II\/22-24 \u00d6STERREICH.<br>Bei einer R\u00fccksendung aus einer Warenlieferung hat der(die) Besteller(in) die Kosten der R\u00fccksendung zu tragen.&nbsp;Die Postgeb\u00fchren und Transportkosten werden von der Firma &#8218;Erisener &amp; Co. GesmbH-Phantasy Schmuck Galerie&#8216; nicht zur\u00fcckerstattet.&nbsp;Der(die) Besteller(in) mu\u00df zus\u00e4tzlich angeben, ob er(sie) das Geld zur\u00fcck haben m\u00f6chte oder den Umtausch auf ein anderes Produkt aus dieser Homepage w\u00fcnscht. Falls ein Umtausch gew\u00fcnscht wird, ist auch das gew\u00fcnschte Produkt anzugeben. In diesem Fall sind genaue Angaben \u00fcber Artikelnummer, Gr\u00f6\u00dfe, u.s.w zu machen.<br><br><strong>ERF\u00dcLLUNGSORT<br><\/strong>Als Gerichtstand und Erf\u00fcllungsort gilt Wien. Das Vertragverh\u00e4ltnis unterliegt dem \u00d6sterreichischen Recht.<\/p>\n","protected":false},"excerpt":{"rendered":"<p>AUFTRAGSERTEILUNG und BESTELLUNGMit einer Auftragserteilung und \/ oder Bestellung erkennt der K\u00e4ufer unsere Lieferungs- und Zahlungsbedingungen an. PREISEAlle Preise verstehen sich in EURO inklusive der jeweiligen gesetzlichen Mehrwertsteuer.Irrt\u00fcmer und kurzfristige Preis\u00e4nderungen sind vorbehalten. Es gelten die Preise zum Zeitpunkt der Bestellung. Die M\u00f6glichkeit eines Skontoabzugs besteht nicht. PRODUKT FARBEJedoch wegen der Unterschiede bez\u00fcglich der Bildschirme k\u00f6nnen wir nicht garantieren, dass die Farbe, die Sie auf Ihren Bildschirm sehen, genau die zutreffende Farbe des Produktes reflektiert. LIEFERZEITENDie Lieferung erfolgt direkt per Post. Bestellungen und Lieferungen sind grunds\u00e4tzlich nur aus bzw. nach \u00d6sterreich, Deutschland und in die Schweiz m\u00f6glich. Alle Artikel sind nur lieferbar solange der Vorrat reicht. Die Lieferzeiten betragen in der Regel bis zu 14 Tage f\u00fcr \u00d6sterreich bzw. bis zu 21 Tage f\u00fcr Deutschland &amp; die Schweiz, k\u00f6nnen aber nicht garantiert werden. VERSANDKOSTENIhr Versandkostenanteil betr\u00e4gt zur Zeit pro Bestellung nur pauschal \u20ac 4,00.Nach M\u00f6glichkeit wird alles in einer Sendung geliefert. Falls nicht, tr\u00e4gt die Erisener &amp; Co.GesmbH (Phantasy Schmuck Galerie) die Mehrkosten.Sollte ein Artikel aus Ihrer Bestellung nicht sofort lieferbar sein, kann sich die Lieferung um wenige Tage verz\u00f6gern, damit Ihre gesamte Bestellung komplett bei Ihnen eintrifft. Die Erisener &amp; Co.GesmbH liefert Ihre Bestellung an Ihre Kontoanschrift. Die Rechnung geht an Ihre Kontoanschrift. Die Versandkosten k\u00f6nnen sich \u00e4ndern. ZAHLUNGSWEISEBei der ERISENER &amp; CO.GesmbH k\u00f6nnen Sie zwischen 2 Zahlungsarten w\u00e4hlen:1&nbsp;. Zahlung mittels Vorauskasse2&nbsp;. Zahlung per Kreditkarte (Visa, Mastercard). Bitte markieren Sie die von Ihnen gew\u00fcnschte Zahlungsweise einfach auf dem Bestellschein. EIGENTUMSVORBEHALTBis zur vollst\u00e4ndigen Bezahlung bleibt die Ware Eigentum der Erisener &amp; Co.GesmbH mit dem Sitz in A-1060 Wien, Mariahilferstr. 45 \/II\/22-24 \u00d6STERREICH. ABLEHNUNG von BESTELLUNGENDer Erisener &amp; Co.GesmbH steht es frei, Bestellungen abzulehnen. Die Entscheidung dar\u00fcber liegt im freien Ermessen der Erisener &amp; Co.GesmbH. Wird von der Erisener &amp; Co.GesmbH eine Bestellung nicht angenommen und abgewickelt, wird der(die) Besteller\/in) davon in Kenntnis gesetzt. R\u00dcCKGABERECHTDer(die) Besteller(in) hat ein 14-t\u00e4giges R\u00fcckgaberecht ohne Angabe von Gr\u00fcnden. Dieses ist in Textform (E-Mail) oder durch die fristgerechte R\u00fccksendung der Ware an uns (ungetragen, in einwandfreiem Zustand und in der Originalverpackung samt beigelegter Rechnung, per Einschreiben) wahrzunehmen. Die Frist beginnt fr\u00fchestens mit dem Erhalt der Ware.Die R\u00fccksendung hat zu erfolgen an: Erisener &amp; Co.GesmbH (Phantasy Schmuck Galerie) A-1060 Wien, Mariahilferstr.45\/II\/22-24 \u00d6STERREICH.Bei einer R\u00fccksendung aus einer Warenlieferung hat der(die) Besteller(in) die Kosten der R\u00fccksendung zu tragen.&nbsp;Die Postgeb\u00fchren und Transportkosten werden von der Firma &#8218;Erisener &amp; Co. GesmbH-Phantasy Schmuck Galerie&#8216; nicht zur\u00fcckerstattet.&nbsp;Der(die) Besteller(in) mu\u00df zus\u00e4tzlich angeben, ob er(sie) das Geld zur\u00fcck haben m\u00f6chte oder den Umtausch auf ein anderes Produkt aus dieser Homepage w\u00fcnscht. Falls ein Umtausch gew\u00fcnscht wird, ist auch das gew\u00fcnschte Produkt anzugeben. In diesem Fall sind genaue Angaben \u00fcber Artikelnummer, Gr\u00f6\u00dfe, u.s.w zu machen. ERF\u00dcLLUNGSORTAls Gerichtstand und Erf\u00fcllungsort gilt Wien. Das Vertragverh\u00e4ltnis unterliegt dem \u00d6sterreichischen Recht.<\/p>\n","protected":false},"author":1,"featured_media":0,"parent":0,"menu_order":0,"comment_status":"closed","ping_status":"closed","template":"","meta":{"_editorskit_title_hidden":false,"_editorskit_reading_time":0,"_editorskit_is_block_options_detached":false,"_editorskit_block_options_position":"{}","_uag_custom_page_level_css":""},"yoast_head":"<!-- This site is optimized with the Yoast SEO plugin v19.9 - https:\/\/yoast.com\/wordpress\/plugins\/seo\/ -->\n<title>Versandarten - Phantasy Schmuck Galerie<\/title>\n<meta name=\"robots\" content=\"index, follow, max-snippet:-1, max-image-preview:large, max-video-preview:-1\" \/>\n<link rel=\"canonical\" href=\"https:\/\/www.phantasyschmuck.at\/?page_id=66\" \/>\n<meta property=\"og:locale\" content=\"de_DE\" \/>\n<meta property=\"og:type\" content=\"article\" \/>\n<meta property=\"og:title\" content=\"Versandarten - Phantasy Schmuck Galerie\" \/>\n<meta property=\"og:description\" content=\"AUFTRAGSERTEILUNG und BESTELLUNGMit einer Auftragserteilung und \/ oder Bestellung erkennt der K\u00e4ufer unsere Lieferungs- und Zahlungsbedingungen an. PREISEAlle Preise verstehen sich in EURO inklusive der jeweiligen gesetzlichen Mehrwertsteuer.Irrt\u00fcmer und kurzfristige Preis\u00e4nderungen sind vorbehalten. Es gelten die Preise zum Zeitpunkt der Bestellung. Die M\u00f6glichkeit eines Skontoabzugs besteht nicht. PRODUKT FARBEJedoch wegen der Unterschiede bez\u00fcglich der Bildschirme k\u00f6nnen wir nicht garantieren, dass die Farbe, die Sie auf Ihren Bildschirm sehen, genau die zutreffende Farbe des Produktes reflektiert. LIEFERZEITENDie Lieferung erfolgt direkt per Post. Bestellungen und Lieferungen sind grunds\u00e4tzlich nur aus bzw. nach \u00d6sterreich, Deutschland und in die Schweiz m\u00f6glich. Alle Artikel sind nur lieferbar solange der Vorrat reicht. Die Lieferzeiten betragen in der Regel bis zu 14 Tage f\u00fcr \u00d6sterreich bzw. bis zu 21 Tage f\u00fcr Deutschland &amp; die Schweiz, k\u00f6nnen aber nicht garantiert werden. VERSANDKOSTENIhr Versandkostenanteil betr\u00e4gt zur Zeit pro Bestellung nur pauschal \u20ac 4,00.Nach M\u00f6glichkeit wird alles in einer Sendung geliefert. Falls nicht, tr\u00e4gt die Erisener &amp; Co.GesmbH (Phantasy Schmuck Galerie) die Mehrkosten.Sollte ein Artikel aus Ihrer Bestellung nicht sofort lieferbar sein, kann sich die Lieferung um wenige Tage verz\u00f6gern, damit Ihre gesamte Bestellung komplett bei Ihnen eintrifft. Die Erisener &amp; Co.GesmbH liefert Ihre Bestellung an Ihre Kontoanschrift. Die Rechnung geht an Ihre Kontoanschrift. Die Versandkosten k\u00f6nnen sich \u00e4ndern. ZAHLUNGSWEISEBei der ERISENER &amp; CO.GesmbH k\u00f6nnen Sie zwischen 2 Zahlungsarten w\u00e4hlen:1&nbsp;. Zahlung mittels Vorauskasse2&nbsp;. Zahlung per Kreditkarte (Visa, Mastercard). Bitte markieren Sie die von Ihnen gew\u00fcnschte Zahlungsweise einfach auf dem Bestellschein. EIGENTUMSVORBEHALTBis zur vollst\u00e4ndigen Bezahlung bleibt die Ware Eigentum der Erisener &amp; Co.GesmbH mit dem Sitz in A-1060 Wien, Mariahilferstr. 45 \/II\/22-24 \u00d6STERREICH. ABLEHNUNG von BESTELLUNGENDer Erisener &amp; Co.GesmbH steht es frei, Bestellungen abzulehnen. Die Entscheidung dar\u00fcber liegt im freien Ermessen der Erisener &amp; Co.GesmbH. Wird von der Erisener &amp; Co.GesmbH eine Bestellung nicht angenommen und abgewickelt, wird der(die) Besteller\/in) davon in Kenntnis gesetzt. R\u00dcCKGABERECHTDer(die) Besteller(in) hat ein 14-t\u00e4giges R\u00fcckgaberecht ohne Angabe von Gr\u00fcnden. Dieses ist in Textform (E-Mail) oder durch die fristgerechte R\u00fccksendung der Ware an uns (ungetragen, in einwandfreiem Zustand und in der Originalverpackung samt beigelegter Rechnung, per Einschreiben) wahrzunehmen. Die Frist beginnt fr\u00fchestens mit dem Erhalt der Ware.Die R\u00fccksendung hat zu erfolgen an: Erisener &amp; Co.GesmbH (Phantasy Schmuck Galerie) A-1060 Wien, Mariahilferstr.45\/II\/22-24 \u00d6STERREICH.Bei einer R\u00fccksendung aus einer Warenlieferung hat der(die) Besteller(in) die Kosten der R\u00fccksendung zu tragen.&nbsp;Die Postgeb\u00fchren und Transportkosten werden von der Firma &#8218;Erisener &amp; Co. GesmbH-Phantasy Schmuck Galerie&#8216; nicht zur\u00fcckerstattet.&nbsp;Der(die) Besteller(in) mu\u00df zus\u00e4tzlich angeben, ob er(sie) das Geld zur\u00fcck haben m\u00f6chte oder den Umtausch auf ein anderes Produkt aus dieser Homepage w\u00fcnscht. Falls ein Umtausch gew\u00fcnscht wird, ist auch das gew\u00fcnschte Produkt anzugeben. In diesem Fall sind genaue Angaben \u00fcber Artikelnummer, Gr\u00f6\u00dfe, u.s.w zu machen. ERF\u00dcLLUNGSORTAls Gerichtstand und Erf\u00fcllungsort gilt Wien. Das Vertragverh\u00e4ltnis unterliegt dem \u00d6sterreichischen Recht.\" \/>\n<meta property=\"og:url\" content=\"https:\/\/www.phantasyschmuck.at\/?page_id=66\" \/>\n<meta property=\"og:site_name\" content=\"Phantasy Schmuck Galerie\" \/>\n<meta property=\"article:publisher\" content=\"https:\/\/www.facebook.com\/SchmuckGalerie\/\" \/>\n<meta property=\"article:modified_time\" content=\"2020-05-01T12:14:44+00:00\" \/>\n<meta name=\"twitter:card\" content=\"summary_large_image\" \/>\n<meta name=\"twitter:label1\" content=\"Gesch\u00e4tzte Lesezeit\" \/>\n\t<meta name=\"twitter:data1\" content=\"3\u00a0Minuten\" \/>\n<script type=\"application\/ld+json\" class=\"yoast-schema-graph\">{\"@context\":\"https:\/\/schema.org\",\"@graph\":[{\"@type\":\"WebPage\",\"@id\":\"https:\/\/www.phantasyschmuck.at\/?page_id=66\",\"url\":\"https:\/\/www.phantasyschmuck.at\/?page_id=66\",\"name\":\"Versandarten - Phantasy Schmuck Galerie\",\"isPartOf\":{\"@id\":\"https:\/\/www.phantasyschmuck.at\/#website\"},\"datePublished\":\"2020-04-29T10:41:45+00:00\",\"dateModified\":\"2020-05-01T12:14:44+00:00\",\"breadcrumb\":{\"@id\":\"https:\/\/www.phantasyschmuck.at\/?page_id=66#breadcrumb\"},\"inLanguage\":\"de\",\"potentialAction\":[{\"@type\":\"ReadAction\",\"target\":[\"https:\/\/www.phantasyschmuck.at\/?page_id=66\"]}]},{\"@type\":\"BreadcrumbList\",\"@id\":\"https:\/\/www.phantasyschmuck.at\/?page_id=66#breadcrumb\",\"itemListElement\":[{\"@type\":\"ListItem\",\"position\":1,\"name\":\"Startseite\",\"item\":\"https:\/\/www.phantasyschmuck.at\/\"},{\"@type\":\"ListItem\",\"position\":2,\"name\":\"Versandarten\"}]},{\"@type\":\"WebSite\",\"@id\":\"https:\/\/www.phantasyschmuck.at\/#website\",\"url\":\"https:\/\/www.phantasyschmuck.at\/\",\"name\":\"Phantasy-Schmuck-Galerie\",\"description\":\"\",\"publisher\":{\"@id\":\"https:\/\/www.phantasyschmuck.at\/#organization\"},\"potentialAction\":[{\"@type\":\"SearchAction\",\"target\":{\"@type\":\"EntryPoint\",\"urlTemplate\":\"https:\/\/www.phantasyschmuck.at\/?s={search_term_string}\"},\"query-input\":\"required name=search_term_string\"}],\"inLanguage\":\"de\"},{\"@type\":\"Organization\",\"@id\":\"https:\/\/www.phantasyschmuck.at\/#organization\",\"name\":\"Phantasy Schmuck Galerie\",\"url\":\"https:\/\/www.phantasyschmuck.at\/\",\"logo\":{\"@type\":\"ImageObject\",\"inLanguage\":\"de\",\"@id\":\"https:\/\/www.phantasyschmuck.at\/#\/schema\/logo\/image\/\",\"url\":\"https:\/\/www.phantasyschmuck.at\/wp-content\/uploads\/2021\/03\/cropped-Phantasy.png\",\"contentUrl\":\"https:\/\/www.phantasyschmuck.at\/wp-content\/uploads\/2021\/03\/cropped-Phantasy.png\",\"width\":200,\"height\":116,\"caption\":\"Phantasy Schmuck Galerie\"},\"image\":{\"@id\":\"https:\/\/www.phantasyschmuck.at\/#\/schema\/logo\/image\/\"},\"sameAs\":[\"https:\/\/www.facebook.com\/SchmuckGalerie\/\"]}]}<\/script>\n<!-- \/ Yoast SEO plugin. -->","yoast_head_json":{"title":"Versandarten - Phantasy Schmuck Galerie","robots":{"index":"index","follow":"follow","max-snippet":"max-snippet:-1","max-image-preview":"max-image-preview:large","max-video-preview":"max-video-preview:-1"},"canonical":"https:\/\/www.phantasyschmuck.at\/?page_id=66","og_locale":"de_DE","og_type":"article","og_title":"Versandarten - Phantasy Schmuck Galerie","og_description":"AUFTRAGSERTEILUNG und BESTELLUNGMit einer Auftragserteilung und \/ oder Bestellung erkennt der K\u00e4ufer unsere Lieferungs- und Zahlungsbedingungen an. PREISEAlle Preise verstehen sich in EURO inklusive der jeweiligen gesetzlichen Mehrwertsteuer.Irrt\u00fcmer und kurzfristige Preis\u00e4nderungen sind vorbehalten. Es gelten die Preise zum Zeitpunkt der Bestellung. Die M\u00f6glichkeit eines Skontoabzugs besteht nicht. PRODUKT FARBEJedoch wegen der Unterschiede bez\u00fcglich der Bildschirme k\u00f6nnen wir nicht garantieren, dass die Farbe, die Sie auf Ihren Bildschirm sehen, genau die zutreffende Farbe des Produktes reflektiert. LIEFERZEITENDie Lieferung erfolgt direkt per Post. Bestellungen und Lieferungen sind grunds\u00e4tzlich nur aus bzw. nach \u00d6sterreich, Deutschland und in die Schweiz m\u00f6glich. Alle Artikel sind nur lieferbar solange der Vorrat reicht. Die Lieferzeiten betragen in der Regel bis zu 14 Tage f\u00fcr \u00d6sterreich bzw. bis zu 21 Tage f\u00fcr Deutschland &amp; die Schweiz, k\u00f6nnen aber nicht garantiert werden. VERSANDKOSTENIhr Versandkostenanteil betr\u00e4gt zur Zeit pro Bestellung nur pauschal \u20ac 4,00.Nach M\u00f6glichkeit wird alles in einer Sendung geliefert. Falls nicht, tr\u00e4gt die Erisener &amp; Co.GesmbH (Phantasy Schmuck Galerie) die Mehrkosten.Sollte ein Artikel aus Ihrer Bestellung nicht sofort lieferbar sein, kann sich die Lieferung um wenige Tage verz\u00f6gern, damit Ihre gesamte Bestellung komplett bei Ihnen eintrifft. Die Erisener &amp; Co.GesmbH liefert Ihre Bestellung an Ihre Kontoanschrift. Die Rechnung geht an Ihre Kontoanschrift. Die Versandkosten k\u00f6nnen sich \u00e4ndern. ZAHLUNGSWEISEBei der ERISENER &amp; CO.GesmbH k\u00f6nnen Sie zwischen 2 Zahlungsarten w\u00e4hlen:1&nbsp;. Zahlung mittels Vorauskasse2&nbsp;. Zahlung per Kreditkarte (Visa, Mastercard). Bitte markieren Sie die von Ihnen gew\u00fcnschte Zahlungsweise einfach auf dem Bestellschein. EIGENTUMSVORBEHALTBis zur vollst\u00e4ndigen Bezahlung bleibt die Ware Eigentum der Erisener &amp; Co.GesmbH mit dem Sitz in A-1060 Wien, Mariahilferstr. 45 \/II\/22-24 \u00d6STERREICH. ABLEHNUNG von BESTELLUNGENDer Erisener &amp; Co.GesmbH steht es frei, Bestellungen abzulehnen. Die Entscheidung dar\u00fcber liegt im freien Ermessen der Erisener &amp; Co.GesmbH. Wird von der Erisener &amp; Co.GesmbH eine Bestellung nicht angenommen und abgewickelt, wird der(die) Besteller\/in) davon in Kenntnis gesetzt. R\u00dcCKGABERECHTDer(die) Besteller(in) hat ein 14-t\u00e4giges R\u00fcckgaberecht ohne Angabe von Gr\u00fcnden. Dieses ist in Textform (E-Mail) oder durch die fristgerechte R\u00fccksendung der Ware an uns (ungetragen, in einwandfreiem Zustand und in der Originalverpackung samt beigelegter Rechnung, per Einschreiben) wahrzunehmen. Die Frist beginnt fr\u00fchestens mit dem Erhalt der Ware.Die R\u00fccksendung hat zu erfolgen an: Erisener &amp; Co.GesmbH (Phantasy Schmuck Galerie) A-1060 Wien, Mariahilferstr.45\/II\/22-24 \u00d6STERREICH.Bei einer R\u00fccksendung aus einer Warenlieferung hat der(die) Besteller(in) die Kosten der R\u00fccksendung zu tragen.&nbsp;Die Postgeb\u00fchren und Transportkosten werden von der Firma &#8218;Erisener &amp; Co. GesmbH-Phantasy Schmuck Galerie&#8216; nicht zur\u00fcckerstattet.&nbsp;Der(die) Besteller(in) mu\u00df zus\u00e4tzlich angeben, ob er(sie) das Geld zur\u00fcck haben m\u00f6chte oder den Umtausch auf ein anderes Produkt aus dieser Homepage w\u00fcnscht. Falls ein Umtausch gew\u00fcnscht wird, ist auch das gew\u00fcnschte Produkt anzugeben. In diesem Fall sind genaue Angaben \u00fcber Artikelnummer, Gr\u00f6\u00dfe, u.s.w zu machen. ERF\u00dcLLUNGSORTAls Gerichtstand und Erf\u00fcllungsort gilt Wien. Das Vertragverh\u00e4ltnis unterliegt dem \u00d6sterreichischen Recht.","og_url":"https:\/\/www.phantasyschmuck.at\/?page_id=66","og_site_name":"Phantasy Schmuck Galerie","article_publisher":"https:\/\/www.facebook.com\/SchmuckGalerie\/","article_modified_time":"2020-05-01T12:14:44+00:00","twitter_card":"summary_large_image","twitter_misc":{"Gesch\u00e4tzte Lesezeit":"3\u00a0Minuten"},"schema":{"@context":"https:\/\/schema.org","@graph":[{"@type":"WebPage","@id":"https:\/\/www.phantasyschmuck.at\/?page_id=66","url":"https:\/\/www.phantasyschmuck.at\/?page_id=66","name":"Versandarten - Phantasy Schmuck Galerie","isPartOf":{"@id":"https:\/\/www.phantasyschmuck.at\/#website"},"datePublished":"2020-04-29T10:41:45+00:00","dateModified":"2020-05-01T12:14:44+00:00","breadcrumb":{"@id":"https:\/\/www.phantasyschmuck.at\/?page_id=66#breadcrumb"},"inLanguage":"de","potentialAction":[{"@type":"ReadAction","target":["https:\/\/www.phantasyschmuck.at\/?page_id=66"]}]},{"@type":"BreadcrumbList","@id":"https:\/\/www.phantasyschmuck.at\/?page_id=66#breadcrumb","itemListElement":[{"@type":"ListItem","position":1,"name":"Startseite","item":"https:\/\/www.phantasyschmuck.at\/"},{"@type":"ListItem","position":2,"name":"Versandarten"}]},{"@type":"WebSite","@id":"https:\/\/www.phantasyschmuck.at\/#website","url":"https:\/\/www.phantasyschmuck.at\/","name":"Phantasy-Schmuck-Galerie","description":"","publisher":{"@id":"https:\/\/www.phantasyschmuck.at\/#organization"},"potentialAction":[{"@type":"SearchAction","target":{"@type":"EntryPoint","urlTemplate":"https:\/\/www.phantasyschmuck.at\/?s={search_term_string}"},"query-input":"required name=search_term_string"}],"inLanguage":"de"},{"@type":"Organization","@id":"https:\/\/www.phantasyschmuck.at\/#organization","name":"Phantasy Schmuck Galerie","url":"https:\/\/www.phantasyschmuck.at\/","logo":{"@type":"ImageObject","inLanguage":"de","@id":"https:\/\/www.phantasyschmuck.at\/#\/schema\/logo\/image\/","url":"https:\/\/www.phantasyschmuck.at\/wp-content\/uploads\/2021\/03\/cropped-Phantasy.png","contentUrl":"https:\/\/www.phantasyschmuck.at\/wp-content\/uploads\/2021\/03\/cropped-Phantasy.png","width":200,"height":116,"caption":"Phantasy Schmuck Galerie"},"image":{"@id":"https:\/\/www.phantasyschmuck.at\/#\/schema\/logo\/image\/"},"sameAs":["https:\/\/www.facebook.com\/SchmuckGalerie\/"]}]}},"uagb_featured_image_src":{"full":false,"thumbnail":false,"medium":false,"medium_large":false,"large":false,"1536x1536":false,"2048x2048":false,"yith_slider_thumb":false,"bard-slider-grid-thumbnail":false,"bard-full-thumbnail":false,"bard-grid-thumbnail":false,"bard-list-thumbnail":false,"bard-single-navigation":false,"attr_image_size":false,"woocommerce_thumbnail":false,"woocommerce_single":false,"woocommerce_gallery_thumbnail":false},"uagb_author_info":{"display_name":"Erisener &amp; Co.GesmbH","author_link":"https:\/\/www.phantasyschmuck.at\/?author=1"},"uagb_comment_info":0,"uagb_excerpt":"AUFTRAGSERTEILUNG und BESTELLUNGMit einer Auftragserteilung und \/ oder Bestellung erkennt der K\u00e4ufer unsere Lieferungs- und Zahlungsbedingungen an. PREISEAlle Preise verstehen sich in EURO inklusive der jeweiligen gesetzlichen Mehrwertsteuer.Irrt\u00fcmer und kurzfristige Preis\u00e4nderungen sind vorbehalten. Es gelten die Preise zum Zeitpunkt der Bestellung. Die M\u00f6glichkeit eines Skontoabzugs besteht nicht. PRODUKT FARBEJedoch wegen der Unterschiede bez\u00fcglich der Bildschirme&hellip;","acf":[],"_links":{"self":[{"href":"https:\/\/www.phantasyschmuck.at\/index.php?rest_route=\/wp\/v2\/pages\/66"}],"collection":[{"href":"https:\/\/www.phantasyschmuck.at\/index.php?rest_route=\/wp\/v2\/pages"}],"about":[{"href":"https:\/\/www.phantasyschmuck.at\/index.php?rest_route=\/wp\/v2\/types\/page"}],"author":[{"embeddable":true,"href":"https:\/\/www.phantasyschmuck.at\/index.php?rest_route=\/wp\/v2\/users\/1"}],"replies":[{"embeddable":true,"href":"https:\/\/www.phantasyschmuck.at\/index.php?rest_route=%2Fwp%2Fv2%2Fcomments&post=66"}],"version-history":[{"count":1,"href":"https:\/\/www.phantasyschmuck.at\/index.php?rest_route=\/wp\/v2\/pages\/66\/revisions"}],"predecessor-version":[{"id":77,"href":"https:\/\/www.phantasyschmuck.at\/index.php?rest_route=\/wp\/v2\/pages\/66\/revisions\/77"}],"wp:attachment":[{"href":"https:\/\/www.phantasyschmuck.at\/index.php?rest_route=%2Fwp%2Fv2%2Fmedia&parent=66"}],"curies":[{"name":"wp","href":"https:\/\/api.w.org\/{rel}","templated":true}]}}