{"id":3369,"date":"2021-11-25T07:02:28","date_gmt":"2021-11-25T06:02:28","guid":{"rendered":"https:\/\/www.phantasyschmuck.at\/?page_id=3369"},"modified":"2021-11-25T07:08:06","modified_gmt":"2021-11-25T06:08:06","slug":"3369-2","status":"publish","type":"page","link":"https:\/\/www.phantasyschmuck.at\/?page_id=3369","title":{"rendered":"COVID Ma\u00dfnahmen"},"content":{"rendered":"<p style=\"text-align: center;\"><strong>LIEBE KUNDINNEN UND KUNDEN!<\/strong><\/p>\n<p style=\"text-align: center;\"><strong><u>Das Gesch\u00e4ftslokal ist aufgrund der gesetzlichen Ma\u00dfnahmen bis 13.12.2021geschlossen.<\/u><\/strong><\/p>\n<p style=\"text-align: center;\"><strong>LIEFERUNG SOWIE AUCH ABHOLUNG (CLICK &amp; COLLECT) IST M\u00d6GLICH!<\/strong><\/p>\n<p style=\"text-align: center;\"><strong>VORAUSBESTELLUNG PER\u00a0 E-MAIL <a href=\"mailto:office@phantasyschmuck.at\">office@phantasyschmuck.at<\/a><\/strong><\/p>\n<p style=\"text-align: center;\"><strong><u>CLICK &amp; COLLECT \u00d6FFNUNGSZEITEN : \u00a0MO-FR 12:00-13:00 UHR<\/u><\/strong><\/p>\n","protected":false},"excerpt":{"rendered":"<p>LIEBE KUNDINNEN UND KUNDEN! Das Gesch\u00e4ftslokal ist aufgrund der gesetzlichen Ma\u00dfnahmen bis 13.12.2021geschlossen. LIEFERUNG SOWIE AUCH ABHOLUNG (CLICK &amp; COLLECT) IST M\u00d6GLICH! VORAUSBESTELLUNG PER\u00a0 E-MAIL office@phantasyschmuck.at CLICK &amp; COLLECT \u00d6FFNUNGSZEITEN : \u00a0MO-FR 12:00-13:00 UHR<\/p>\n","protected":false},"author":1,"featured_media":0,"parent":0,"menu_order":0,"comment_status":"closed","ping_status":"closed","template":"","meta":{"_editorskit_title_hidden":false,"_editorskit_reading_time":0,"_editorskit_is_block_options_detached":false,"_editorskit_block_options_position":"{}","_uag_custom_page_level_css":""},"yoast_head":"<!-- This site is optimized with the Yoast SEO plugin v19.9 - https:\/\/yoast.com\/wordpress\/plugins\/seo\/ -->\n<title>COVID Ma\u00dfnahmen - Phantasy Schmuck Galerie<\/title>\n<meta name=\"robots\" content=\"index, follow, max-snippet:-1, max-image-preview:large, max-video-preview:-1\" \/>\n<link rel=\"canonical\" href=\"https:\/\/www.phantasyschmuck.at\/?page_id=3369\" \/>\n<meta property=\"og:locale\" content=\"de_DE\" \/>\n<meta property=\"og:type\" content=\"article\" \/>\n<meta property=\"og:title\" content=\"COVID Ma\u00dfnahmen - Phantasy Schmuck Galerie\" \/>\n<meta property=\"og:description\" content=\"LIEBE KUNDINNEN UND KUNDEN! Das Gesch\u00e4ftslokal ist aufgrund der gesetzlichen Ma\u00dfnahmen bis 13.12.2021geschlossen. LIEFERUNG SOWIE AUCH ABHOLUNG (CLICK &amp; COLLECT) IST M\u00d6GLICH! VORAUSBESTELLUNG PER\u00a0 E-MAIL office@phantasyschmuck.at CLICK &amp; COLLECT \u00d6FFNUNGSZEITEN : \u00a0MO-FR 12:00-13:00 UHR\" \/>\n<meta property=\"og:url\" content=\"https:\/\/www.phantasyschmuck.at\/?page_id=3369\" \/>\n<meta property=\"og:site_name\" content=\"Phantasy Schmuck Galerie\" \/>\n<meta property=\"article:publisher\" content=\"https:\/\/www.facebook.com\/SchmuckGalerie\/\" \/>\n<meta property=\"article:modified_time\" content=\"2021-11-25T06:08:06+00:00\" \/>\n<meta name=\"twitter:card\" content=\"summary_large_image\" \/>\n<script type=\"application\/ld+json\" class=\"yoast-schema-graph\">{\"@context\":\"https:\/\/schema.org\",\"@graph\":[{\"@type\":\"WebPage\",\"@id\":\"https:\/\/www.phantasyschmuck.at\/?page_id=3369\",\"url\":\"https:\/\/www.phantasyschmuck.at\/?page_id=3369\",\"name\":\"COVID Ma\u00dfnahmen - Phantasy Schmuck Galerie\",\"isPartOf\":{\"@id\":\"https:\/\/www.phantasyschmuck.at\/#website\"},\"datePublished\":\"2021-11-25T06:02:28+00:00\",\"dateModified\":\"2021-11-25T06:08:06+00:00\",\"breadcrumb\":{\"@id\":\"https:\/\/www.phantasyschmuck.at\/?page_id=3369#breadcrumb\"},\"inLanguage\":\"de\",\"potentialAction\":[{\"@type\":\"ReadAction\",\"target\":[\"https:\/\/www.phantasyschmuck.at\/?page_id=3369\"]}]},{\"@type\":\"BreadcrumbList\",\"@id\":\"https:\/\/www.phantasyschmuck.at\/?page_id=3369#breadcrumb\",\"itemListElement\":[{\"@type\":\"ListItem\",\"position\":1,\"name\":\"Startseite\",\"item\":\"https:\/\/www.phantasyschmuck.at\/\"},{\"@type\":\"ListItem\",\"position\":2,\"name\":\"COVID Ma\u00dfnahmen\"}]},{\"@type\":\"WebSite\",\"@id\":\"https:\/\/www.phantasyschmuck.at\/#website\",\"url\":\"https:\/\/www.phantasyschmuck.at\/\",\"name\":\"Phantasy-Schmuck-Galerie\",\"description\":\"\",\"publisher\":{\"@id\":\"https:\/\/www.phantasyschmuck.at\/#organization\"},\"potentialAction\":[{\"@type\":\"SearchAction\",\"target\":{\"@type\":\"EntryPoint\",\"urlTemplate\":\"https:\/\/www.phantasyschmuck.at\/?s={search_term_string}\"},\"query-input\":\"required name=search_term_string\"}],\"inLanguage\":\"de\"},{\"@type\":\"Organization\",\"@id\":\"https:\/\/www.phantasyschmuck.at\/#organization\",\"name\":\"Phantasy Schmuck Galerie\",\"url\":\"https:\/\/www.phantasyschmuck.at\/\",\"logo\":{\"@type\":\"ImageObject\",\"inLanguage\":\"de\",\"@id\":\"https:\/\/www.phantasyschmuck.at\/#\/schema\/logo\/image\/\",\"url\":\"https:\/\/www.phantasyschmuck.at\/wp-content\/uploads\/2021\/03\/cropped-Phantasy.png\",\"contentUrl\":\"https:\/\/www.phantasyschmuck.at\/wp-content\/uploads\/2021\/03\/cropped-Phantasy.png\",\"width\":200,\"height\":116,\"caption\":\"Phantasy Schmuck Galerie\"},\"image\":{\"@id\":\"https:\/\/www.phantasyschmuck.at\/#\/schema\/logo\/image\/\"},\"sameAs\":[\"https:\/\/www.facebook.com\/SchmuckGalerie\/\"]}]}<\/script>\n<!-- \/ Yoast SEO plugin. -->","yoast_head_json":{"title":"COVID Ma\u00dfnahmen - Phantasy Schmuck Galerie","robots":{"index":"index","follow":"follow","max-snippet":"max-snippet:-1","max-image-preview":"max-image-preview:large","max-video-preview":"max-video-preview:-1"},"canonical":"https:\/\/www.phantasyschmuck.at\/?page_id=3369","og_locale":"de_DE","og_type":"article","og_title":"COVID Ma\u00dfnahmen - Phantasy Schmuck Galerie","og_description":"LIEBE KUNDINNEN UND KUNDEN! Das Gesch\u00e4ftslokal ist aufgrund der gesetzlichen Ma\u00dfnahmen bis 13.12.2021geschlossen. LIEFERUNG SOWIE AUCH ABHOLUNG (CLICK &amp; COLLECT) IST M\u00d6GLICH! VORAUSBESTELLUNG PER\u00a0 E-MAIL office@phantasyschmuck.at CLICK &amp; COLLECT \u00d6FFNUNGSZEITEN : \u00a0MO-FR 12:00-13:00 UHR","og_url":"https:\/\/www.phantasyschmuck.at\/?page_id=3369","og_site_name":"Phantasy Schmuck Galerie","article_publisher":"https:\/\/www.facebook.com\/SchmuckGalerie\/","article_modified_time":"2021-11-25T06:08:06+00:00","twitter_card":"summary_large_image","schema":{"@context":"https:\/\/schema.org","@graph":[{"@type":"WebPage","@id":"https:\/\/www.phantasyschmuck.at\/?page_id=3369","url":"https:\/\/www.phantasyschmuck.at\/?page_id=3369","name":"COVID Ma\u00dfnahmen - Phantasy Schmuck Galerie","isPartOf":{"@id":"https:\/\/www.phantasyschmuck.at\/#website"},"datePublished":"2021-11-25T06:02:28+00:00","dateModified":"2021-11-25T06:08:06+00:00","breadcrumb":{"@id":"https:\/\/www.phantasyschmuck.at\/?page_id=3369#breadcrumb"},"inLanguage":"de","potentialAction":[{"@type":"ReadAction","target":["https:\/\/www.phantasyschmuck.at\/?page_id=3369"]}]},{"@type":"BreadcrumbList","@id":"https:\/\/www.phantasyschmuck.at\/?page_id=3369#breadcrumb","itemListElement":[{"@type":"ListItem","position":1,"name":"Startseite","item":"https:\/\/www.phantasyschmuck.at\/"},{"@type":"ListItem","position":2,"name":"COVID Ma\u00dfnahmen"}]},{"@type":"WebSite","@id":"https:\/\/www.phantasyschmuck.at\/#website","url":"https:\/\/www.phantasyschmuck.at\/","name":"Phantasy-Schmuck-Galerie","description":"","publisher":{"@id":"https:\/\/www.phantasyschmuck.at\/#organization"},"potentialAction":[{"@type":"SearchAction","target":{"@type":"EntryPoint","urlTemplate":"https:\/\/www.phantasyschmuck.at\/?s={search_term_string}"},"query-input":"required name=search_term_string"}],"inLanguage":"de"},{"@type":"Organization","@id":"https:\/\/www.phantasyschmuck.at\/#organization","name":"Phantasy Schmuck Galerie","url":"https:\/\/www.phantasyschmuck.at\/","logo":{"@type":"ImageObject","inLanguage":"de","@id":"https:\/\/www.phantasyschmuck.at\/#\/schema\/logo\/image\/","url":"https:\/\/www.phantasyschmuck.at\/wp-content\/uploads\/2021\/03\/cropped-Phantasy.png","contentUrl":"https:\/\/www.phantasyschmuck.at\/wp-content\/uploads\/2021\/03\/cropped-Phantasy.png","width":200,"height":116,"caption":"Phantasy Schmuck Galerie"},"image":{"@id":"https:\/\/www.phantasyschmuck.at\/#\/schema\/logo\/image\/"},"sameAs":["https:\/\/www.facebook.com\/SchmuckGalerie\/"]}]}},"uagb_featured_image_src":{"full":false,"thumbnail":false,"medium":false,"medium_large":false,"large":false,"1536x1536":false,"2048x2048":false,"yith_slider_thumb":false,"bard-slider-grid-thumbnail":false,"bard-full-thumbnail":false,"bard-grid-thumbnail":false,"bard-list-thumbnail":false,"bard-single-navigation":false,"attr_image_size":false,"woocommerce_thumbnail":false,"woocommerce_single":false,"woocommerce_gallery_thumbnail":false},"uagb_author_info":{"display_name":"Erisener &amp; Co.GesmbH","author_link":"https:\/\/www.phantasyschmuck.at\/?author=1"},"uagb_comment_info":0,"uagb_excerpt":"LIEBE KUNDINNEN UND KUNDEN! Das Gesch\u00e4ftslokal ist aufgrund der gesetzlichen Ma\u00dfnahmen bis 13.12.2021geschlossen. LIEFERUNG SOWIE AUCH ABHOLUNG (CLICK &amp; COLLECT) IST M\u00d6GLICH! VORAUSBESTELLUNG PER\u00a0 E-MAIL office@phantasyschmuck.at CLICK &amp; COLLECT \u00d6FFNUNGSZEITEN : \u00a0MO-FR 12:00-13:00 UHR","acf":[],"_links":{"self":[{"href":"https:\/\/www.phantasyschmuck.at\/index.php?rest_route=\/wp\/v2\/pages\/3369"}],"collection":[{"href":"https:\/\/www.phantasyschmuck.at\/index.php?rest_route=\/wp\/v2\/pages"}],"about":[{"href":"https:\/\/www.phantasyschmuck.at\/index.php?rest_route=\/wp\/v2\/types\/page"}],"author":[{"embeddable":true,"href":"https:\/\/www.phantasyschmuck.at\/index.php?rest_route=\/wp\/v2\/users\/1"}],"replies":[{"embeddable":true,"href":"https:\/\/www.phantasyschmuck.at\/index.php?rest_route=%2Fwp%2Fv2%2Fcomments&post=3369"}],"version-history":[{"count":4,"href":"https:\/\/www.phantasyschmuck.at\/index.php?rest_route=\/wp\/v2\/pages\/3369\/revisions"}],"predecessor-version":[{"id":3374,"href":"https:\/\/www.phantasyschmuck.at\/index.php?rest_route=\/wp\/v2\/pages\/3369\/revisions\/3374"}],"wp:attachment":[{"href":"https:\/\/www.phantasyschmuck.at\/index.php?rest_route=%2Fwp%2Fv2%2Fmedia&parent=3369"}],"curies":[{"name":"wp","href":"https:\/\/api.w.org\/{rel}","templated":true}]}}